{"id":54,"date":"2019-04-23T12:09:39","date_gmt":"2019-04-23T11:09:39","guid":{"rendered":"https:\/\/mariakamer.nl\/?page_id=54"},"modified":"2026-01-06T13:44:13","modified_gmt":"2026-01-06T12:44:13","slug":"ontdek-bedevaartplaatsen-van-maria-in-portugal","status":"publish","type":"page","link":"https:\/\/mariakamer.nl\/fr\/bedevaartsplaatsen\/ontdek-bedevaartplaatsen-van-maria-in-portugal\/","title":{"rendered":"Bedevaartplaatsen in Portugal"},"content":{"rendered":"<section class=\"bde-section-54-100 bde-section\">\n  \n  \n\t\n\n\n\n<div class=\"section-container\"><h1 class=\"bde-heading-54-101 bde-heading\">\nBedevaartplaatsen in Portugal\n<\/h1><div class=\"bde-text-54-102 bde-text\">\nIn Portugal zijn vele bedevaartplaatsen waar Maria pelgrims welkom heet.\n<\/div><div class=\"bde-post-list-54-103 bde-post-list phox-facets-target phox-facets-target-default\"><div class=\"bde-loop bde-loop-grid ee-posts ee-posts-grid\">    <article class=\"bde-loop-item ee-post\">\n        \n        \n        <div class=\"bde-loop-item__wrap ee-post-wrap\">\n            \n                            <h3 class=\"ee-post-title\" >\n                    <a class=\"bde-loop-item__title-link ee-post-title-link\" href=\"https:\/\/mariakamer.nl\/fr\/s-hertogenbosch-bidtocht\/\"  tabindex=\"-1\">\n                        &#8216;s-Hertogenbosch &#8211; bidtocht                    <\/a>\n                <\/h3>\n                            <div class=\"bde-loop-item__content ee-post-content\">\n                    In de Brabantse hoofdstad &#8216;s-Hertogenbosch wordt jaarlijks een bidtocht gehouden. Meestal vindt deze plaats op de tweede zondag van de maand mei. Na een eucharistieviering in de Sint-Jan volgt een\u2026                <\/div>\n            \n        \n    \n    \n    \n                            \n            \n                    \n            \n            \n\n    \n    \n    \n    \n                            \n    <a class=\"breakdance-link button-atom button-atom--primary bde-loop-item__button ee-post-button\" href=\"https:\/\/mariakamer.nl\/fr\/s-hertogenbosch-bidtocht\/\" target=\"_self\" data-type=\"url\"  aria-label=\"Read more about &#8216;s-Hertogenbosch &#8211; bidtocht\" >\n\n    \n        <span class=\"button-atom__text\">lire la suite<\/span>\n\n        \n        \n                <\/a>\n\n    \n\n\n\n\n            \n        <\/div>\n\n    <\/article>\n\n    <article class=\"bde-loop-item ee-post\">\n        \n        \n        <div class=\"bde-loop-item__wrap ee-post-wrap\">\n            \n                            <h3 class=\"ee-post-title\" >\n                    <a class=\"bde-loop-item__title-link ee-post-title-link\" href=\"https:\/\/mariakamer.nl\/fr\/aarschot-lourdesgrot\/\"  tabindex=\"-1\">\n                        Aarschot \u2013 Grotte de Lourdes                    <\/a>\n                <\/h3>\n                            <div class=\"bde-loop-item__content ee-post-content\">\n                    En 1934, la Grotte de Lourdes a \u00e9t\u00e9 construite par Jef van Dessel (*1903), ancien policier d'Aarschot, apr\u00e8s un p\u00e8lerinage \u00e0 v\u00e9lo vers le Sanctuaire de Lourdes, dans le sud de la France.\u2026                <\/div>\n            \n        \n    \n    \n    \n                            \n            \n                    \n            \n            \n\n    \n    \n    \n    \n                            \n    <a class=\"breakdance-link button-atom button-atom--primary bde-loop-item__button ee-post-button\" href=\"https:\/\/mariakamer.nl\/fr\/aarschot-lourdesgrot\/\" target=\"_self\" data-type=\"url\"  aria-label=\"En savoir plus sur Aarschot \u2013 Grotte de Lourdes\" >\n\n    \n        <span class=\"button-atom__text\">lire la suite<\/span>\n\n        \n        \n                <\/a>\n\n    \n\n\n\n\n            \n        <\/div>\n\n    <\/article>\n\n    <article class=\"bde-loop-item ee-post\">\n        \n        \n        <div class=\"bde-loop-item__wrap ee-post-wrap\">\n            \n                            <h3 class=\"ee-post-title\" >\n                    <a class=\"bde-loop-item__title-link ee-post-title-link\" href=\"https:\/\/mariakamer.nl\/fr\/achterbroek-lourdesgrot-kalmthoutsesteenweg\/\"  tabindex=\"-1\">\n                        Achterbroek \u2013 Grotte de Lourdes \u2013 Kalmthoutsesteenweg                    <\/a>\n                <\/h3>\n                            <div class=\"bde-loop-item__content ee-post-content\">\n                    Un exemple de grot de Lourdes bien entretenue se trouve \u00e0 Achterbroek. Depuis la Kalmthoutsesteenweg, vous entrez sur un chemin bord\u00e9 d'arbres, d'arbustes et de plantes de part et d'autre, une magnifique entr\u00e9e\u2026                <\/div>\n            \n        \n    \n    \n    \n                            \n            \n                    \n            \n            \n\n    \n    \n    \n    \n                            \n    <a class=\"breakdance-link button-atom button-atom--primary bde-loop-item__button ee-post-button\" href=\"https:\/\/mariakamer.nl\/fr\/achterbroek-lourdesgrot-kalmthoutsesteenweg\/\" target=\"_self\" data-type=\"url\"  aria-label=\"En savoir plus sur Achterbroek \u2013 Grotte de Lourdes \u2013 Kalmthoutsesteenweg\" >\n\n    \n        <span class=\"button-atom__text\">lire la suite<\/span>\n\n        \n        \n                <\/a>\n\n    \n\n\n\n\n            \n        <\/div>\n\n    <\/article>\n\n    <article class=\"bde-loop-item ee-post\">\n        \n        \n        <div class=\"bde-loop-item__wrap ee-post-wrap\">\n            \n                            <h3 class=\"ee-post-title\" >\n                    <a class=\"bde-loop-item__title-link ee-post-title-link\" href=\"https:\/\/mariakamer.nl\/fr\/aforismen-over-maria-1-500\/\"  tabindex=\"-1\">\n                        Aforismen over Maria 1-500                    <\/a>\n                <\/h3>\n                            <div class=\"bde-loop-item__content ee-post-content\">\n                    Op deze pagina vindt u de eerste 500 Aforismen. de voetstappen van Maria vragen volgers persoonlijke intenties vinden de weg naar Maria Maria verstaat de tranen Maria leert pelgrims barmhartig\u2026                <\/div>\n            \n        \n    \n    \n    \n                            \n            \n                    \n            \n            \n\n    \n    \n    \n    \n                            \n    <a class=\"breakdance-link button-atom button-atom--primary bde-loop-item__button ee-post-button\" href=\"https:\/\/mariakamer.nl\/fr\/aforismen-over-maria-1-500\/\" target=\"_self\" data-type=\"url\"  aria-label=\"Read more about Aforismen over Maria 1-500\" >\n\n    \n        <span class=\"button-atom__text\">lire la suite<\/span>\n\n        \n        \n                <\/a>\n\n    \n\n\n\n\n            \n        <\/div>\n\n    <\/article>\n\n    <article class=\"bde-loop-item ee-post\">\n        \n        \n        <div class=\"bde-loop-item__wrap ee-post-wrap\">\n            \n                            <h3 class=\"ee-post-title\" >\n                    <a class=\"bde-loop-item__title-link ee-post-title-link\" href=\"https:\/\/mariakamer.nl\/fr\/aforismen-501\/\"  tabindex=\"-1\">\n                        Aphorismes sur Marie 501-..                    <\/a>\n                <\/h3>\n                            <div class=\"bde-loop-item__content ee-post-content\">\n                    Veelvuldig krijg ik ingevingen met weinig woorden. Door deze kernachtige geschenken ontstaan korte uitspraken. Deze aforismen zetten mij meermaals aan het denken en voeden mijn behoefte aan zingeving. Korte bewoordingen\u2026                <\/div>\n            \n        \n    \n    \n    \n                            \n            \n                    \n            \n            \n\n    \n    \n    \n    \n                            \n    <a class=\"breakdance-link button-atom button-atom--primary bde-loop-item__button ee-post-button\" href=\"https:\/\/mariakamer.nl\/fr\/aforismen-501\/\" target=\"_self\" data-type=\"url\"  aria-label=\"En savoir plus sur Aforismen over Maria 501-...\" >\n\n    \n        <span class=\"button-atom__text\">lire la suite<\/span>\n\n        \n        \n                <\/a>\n\n    \n\n\n\n\n            \n        <\/div>\n\n    <\/article>\n\n    <article class=\"bde-loop-item ee-post\">\n        \n        \n        <div class=\"bde-loop-item__wrap ee-post-wrap\">\n            \n                            <h3 class=\"ee-post-title\" >\n                    <a class=\"bde-loop-item__title-link ee-post-title-link\" href=\"https:\/\/mariakamer.nl\/fr\/alleen-gedicht-van-februari-2025\/\"  tabindex=\"-1\">\n                        Alleen &#8211; Gedicht van februari 2025                    <\/a>\n                <\/h3>\n                            <div class=\"bde-loop-item__content ee-post-content\">\n                    het Mariagedicht voor de maand februari 2025 is \"alleen\" en komt uit de bundel \"Lourdes bedevaart vol beleving\" uit 2021 alleen zijn metmaria in gedachtenalleen om te bidden tot haaralleen\u2026                <\/div>\n            \n        \n    \n    \n    \n                            \n            \n                    \n            \n            \n\n    \n    \n    \n    \n                            \n    <a class=\"breakdance-link button-atom button-atom--primary bde-loop-item__button ee-post-button\" href=\"https:\/\/mariakamer.nl\/fr\/alleen-gedicht-van-februari-2025\/\" target=\"_self\" data-type=\"url\"  aria-label=\"Read more about Alleen &#8211; Gedicht van februari 2025\" >\n\n    \n        <span class=\"button-atom__text\">lire la suite<\/span>\n\n        \n        \n                <\/a>\n\n    \n\n\n\n\n            \n        <\/div>\n\n    <\/article>\n\n    <article class=\"bde-loop-item ee-post\">\n        \n        \n        <div class=\"bde-loop-item__wrap ee-post-wrap\">\n            \n                            <h3 class=\"ee-post-title\" >\n                    <a class=\"bde-loop-item__title-link ee-post-title-link\" href=\"https:\/\/mariakamer.nl\/fr\/allervoorzichtigste-maagd\/\"  tabindex=\"-1\">\n                        Allervoorzichtigste Maagd                    <\/a>\n                <\/h3>\n                            <div class=\"bde-loop-item__content ee-post-content\">\n                    De eretitel \"Allervoorzichtigste Maagd\" behoort tot de Litanie van Loreto. In het Latijn heet de eretitel \"Virgo prudentissima\". Deze titel verwijst naar de deugd voorzichtigheid die Maria bezit. Deze mooie,\u2026                <\/div>\n            \n        \n    \n    \n    \n                            \n            \n                    \n            \n            \n\n    \n    \n    \n    \n                            \n    <a class=\"breakdance-link button-atom button-atom--primary bde-loop-item__button ee-post-button\" href=\"https:\/\/mariakamer.nl\/fr\/allervoorzichtigste-maagd\/\" target=\"_self\" data-type=\"url\"  aria-label=\"Read more about Allervoorzichtigste Maagd\" >\n\n    \n        <span class=\"button-atom__text\">lire la suite<\/span>\n\n        \n        \n                <\/a>\n\n    \n\n\n\n\n            \n        <\/div>\n\n    <\/article>\n\n    <article class=\"bde-loop-item ee-post\">\n        \n        \n        <div class=\"bde-loop-item__wrap ee-post-wrap\">\n            \n                            <h3 class=\"ee-post-title\" >\n                    <a class=\"bde-loop-item__title-link ee-post-title-link\" href=\"https:\/\/mariakamer.nl\/fr\/allerzielen\/\"  tabindex=\"-1\">\n                        Allerzielen                    <\/a>\n                <\/h3>\n                            <div class=\"bde-loop-item__content ee-post-content\">\n                    Dag Maria, Dagelijks mis ik mijn ouders.Pa is al 30 en ma reeds 19 jaar terug overleden.Dit gemis slijt niet,maar voelt door de jaren anders.De tijd laat veel werk verrichten.Echter,\u2026                <\/div>\n            \n        \n    \n    \n    \n                            \n            \n                    \n            \n            \n\n    \n    \n    \n    \n                            \n    <a class=\"breakdance-link button-atom button-atom--primary bde-loop-item__button ee-post-button\" href=\"https:\/\/mariakamer.nl\/fr\/allerzielen\/\" target=\"_self\" data-type=\"url\"  aria-label=\"Read more about Allerzielen\" >\n\n    \n        <span class=\"button-atom__text\">lire la suite<\/span>\n\n        \n        \n                <\/a>\n\n    \n\n\n\n\n            \n        <\/div>\n\n    <\/article>\n\n    <article class=\"bde-loop-item ee-post\">\n        \n        \n        <div class=\"bde-loop-item__wrap ee-post-wrap\">\n            \n                            <h3 class=\"ee-post-title\" >\n                    <a class=\"bde-loop-item__title-link ee-post-title-link\" href=\"https:\/\/mariakamer.nl\/fr\/antwerpen-lourdesgrot\/\"  tabindex=\"-1\">\n                        Anvers - Grotte de Lourdes                    <\/a>\n                <\/h3>\n                            <div class=\"bde-loop-item__content ee-post-content\">\n                    Dans le centre historique d'Anvers se trouve une grotte de Lourdes pr\u00e8s de l'\u00e9glise Saint-Paul, au 18-20 rue Saint-Paul. La grotte se trouve dans une cour int\u00e9rieure, \u00e0 c\u00f4t\u00e9 de l'\u00e9glise, dans un petit parc. Ce terrain...                <\/div>\n            \n        \n    \n    \n    \n                            \n            \n                    \n            \n            \n\n    \n    \n    \n    \n                            \n    <a class=\"breakdance-link button-atom button-atom--primary bde-loop-item__button ee-post-button\" href=\"https:\/\/mariakamer.nl\/fr\/antwerpen-lourdesgrot\/\" target=\"_self\" data-type=\"url\"  aria-label=\"En savoir plus sur Antwerpen \u2013 Lourdesgrot\" >\n\n    \n        <span class=\"button-atom__text\">lire la suite<\/span>\n\n        \n        \n                <\/a>\n\n    \n\n\n\n\n            \n        <\/div>\n\n    <\/article>\n\n<\/div><div class=\"bde-posts-pagination bde-posts-navigation-numbers\"><ul><li class=\"bde-posts-navigation-numbers--active\"><a class=\"is-active\" href='https:\/\/mariakamer.nl\/fr\/wp-json\/wp\/v2\/pages\/54\/'>1<\/a><\/li><li ><a  href='https:\/\/mariakamer.nl\/fr\/wp-json\/wp\/v2\/pages\/54\/page\/2\/'>2<\/a><\/li><li ><a  href='https:\/\/mariakamer.nl\/fr\/wp-json\/wp\/v2\/pages\/54\/page\/3\/'>3<\/a><\/li><li class=\"bde-posts-navigation-numbers--ellipses\"><span>\u2026<\/span><\/li><li ><a  href='https:\/\/mariakamer.nl\/fr\/wp-json\/wp\/v2\/pages\/54\/page\/56\/'>56<\/a><\/li><\/ul><\/div><\/div><\/div>\n<\/section>","protected":false},"excerpt":{"rendered":"","protected":false},"author":2,"featured_media":0,"parent":25,"menu_order":0,"comment_status":"closed","ping_status":"closed","template":"","meta":{"_acf_changed":false,"_breakdance_hide_in_design_set":false,"_breakdance_tags":"","footnotes":""},"class_list":["post-54","page","type-page","status-publish","hentry"],"acf":[],"featured_image_urls_v2":{"full":"","thumbnail":"","medium":"","medium_large":"","large":"","1536x1536":"","2048x2048":"","trp-custom-language-flag":""},"post_excerpt_stackable_v2":"","category_list_v2":"","author_info_v2":{"name":"Jan van Wijk","url":"https:\/\/mariakamer.nl\/fr\/author\/jan\/"},"comments_num_v2":"0 comments","_links":{"self":[{"href":"https:\/\/mariakamer.nl\/fr\/wp-json\/wp\/v2\/pages\/54","targetHints":{"allow":["GET"]}}],"collection":[{"href":"https:\/\/mariakamer.nl\/fr\/wp-json\/wp\/v2\/pages"}],"about":[{"href":"https:\/\/mariakamer.nl\/fr\/wp-json\/wp\/v2\/types\/page"}],"author":[{"embeddable":true,"href":"https:\/\/mariakamer.nl\/fr\/wp-json\/wp\/v2\/users\/2"}],"replies":[{"embeddable":true,"href":"https:\/\/mariakamer.nl\/fr\/wp-json\/wp\/v2\/comments?post=54"}],"version-history":[{"count":23,"href":"https:\/\/mariakamer.nl\/fr\/wp-json\/wp\/v2\/pages\/54\/revisions"}],"predecessor-version":[{"id":34291,"href":"https:\/\/mariakamer.nl\/fr\/wp-json\/wp\/v2\/pages\/54\/revisions\/34291"}],"up":[{"embeddable":true,"href":"https:\/\/mariakamer.nl\/fr\/wp-json\/wp\/v2\/pages\/25"}],"wp:attachment":[{"href":"https:\/\/mariakamer.nl\/fr\/wp-json\/wp\/v2\/media?parent=54"}],"curies":[{"name":"wp","href":"https:\/\/api.w.org\/{rel}","templated":true}]}}