{"id":31572,"date":"2025-05-06T15:27:27","date_gmt":"2025-05-06T14:27:27","guid":{"rendered":"https:\/\/mariakamer.nl\/?page_id=31572"},"modified":"2026-05-02T09:30:23","modified_gmt":"2026-05-02T07:30:23","slug":"welkom-2","status":"publish","type":"page","link":"https:\/\/mariakamer.nl\/fr\/","title":{"rendered":"Welkom"},"content":{"rendered":"<section class=\"bde-section-31572-124 bde-section\">\n  \n  \n\t\n\n\n\n<div class=\"section-container\"><div class=\"bde-div-31572-125 bde-div\">\n  \n  \n\t\n\n\n\n<h2 class=\"bde-heading-31572-126 bde-heading\">\nBienvenue dans la Chambre de Marie\n<\/h2><div class=\"bde-text-31572-127 bde-text\">\nVotre guide pour Marie\n<\/div><h4 class=\"bde-heading-31572-138 bde-heading\">\n6 mai 2026\n<\/h4>\n<\/div><\/div>\n<\/section><section class=\"bde-section-31572-100 bde-section\">\n  \n  \n\t\n\n\n\n<div class=\"section-container\"><div class=\"bde-columns-31572-101 bde-columns\"><div class=\"bde-column-31572-102 bde-column\">\n  \n  \n\t\n\n\n\n<div class=\"bde-fancy-divider-31572-103 bde-fancy-divider\">\n\n\n<div class=\"bde-fancy-divider__wrapper\">\n  <div class=\"bde-fancy-divider__separator has-content has-content-flex-start\">\n  \t    \t    \t    \t\t\t    \t\t<div class=\"bde-fancy-divider__content bde-fancy-divider__content--icon\"><svg xmlns=\"http:\/\/www.w3.org\/2000\/svg\" viewbox=\"0 0 640 512\"><!--! Font Awesome Free 6.5.1 by @fontawesome - https:\/\/fontawesome.com License - https:\/\/fontawesome.com\/license\/free (Icons: CC BY 4.0, Fonts: SIL OFL 1.1, Code: MIT License) Copyright 2023 Fonticons, Inc. --><path d=\"M344 24c0-13.3-10.7-24-24-24s-24 10.7-24 24V48H264c-13.3 0-24 10.7-24 24s10.7 24 24 24h32v46.4L183.3 210c-14.5 8.7-23.3 24.3-23.3 41.2V512h96V416c0-35.3 28.7-64 64-64s64 28.7 64 64v96h96V251.2c0-16.9-8.8-32.5-23.3-41.2L344 142.4V96h32c13.3 0 24-10.7 24-24s-10.7-24-24-24H344V24zM24.9 330.3C9.5 338.8 0 354.9 0 372.4V464c0 26.5 21.5 48 48 48h80V273.6L24.9 330.3zM592 512c26.5 0 48-21.5 48-48V372.4c0-17.5-9.5-33.6-24.9-42.1L512 273.6V512h80z\"\/><\/svg><\/div>\n    \t                  <\/div>\n<\/div>\n\n<\/div><h1 class=\"bde-heading-31572-104 bde-heading\">\nCHAQUE JOUR UN ENRICHISSEMENT\u2026<br>Nouveau : le livre n\u00e9erlandais \"Mariaronde door West-Brabant\", voir \"publications\".\n<\/h1><div class=\"bde-text-31572-105 bde-text translation-block\">Bienvenue dans la Salle de Marie. Cet espace riche en \u00e9motions est avant tout un lieu o\u00f9 s&#x27;expriment les sentiments. Je souhaite partager avec vous ce que je ressens lorsque je lis des textes sur Marie, que je pense \u00e0 Elle et que je per\u00e7ois sa pr\u00e9sence. Ce que je vis avec Notre-Dame, vous pouvez \u00e9galement le vivre dans la Salle de Marie.<br><br>Il y a beaucoup \u00e0 lire et \u00e0 d\u00e9couvrir dans la Salle de Marie, notamment sur les lieux de p\u00e8lerinage, les chapelles, les publications et les t\u00e9moignages. La Salle de Marie vous offre \u00e9galement la possibilit\u00e9 de vous rendre dans les lieux de p\u00e8lerinage mariaux gr\u00e2ce \u00e0 des textes \u00e9vocateurs et des images.<\/div><div class=\"bde-rich-text-31572-116 bde-rich-text breakdance-rich-text-styles\">\n<p>Chaque jour, la Mariakamer s'enrichit de visites de lecteurs et de nouvelles contributions. Par cons\u00e9quent, vous pouvez y revenir plusieurs fois. Vous \u00eates autoris\u00e9 \u00e0 reprendre des textes de la Mariakamer, \u00e0 condition de mentionner la source Mariakamer. Ceci s'applique \u00e9galement aux photos, qui ont \u00e9t\u00e9 prises par Willy Vugts et moi.<\/p>\n<p>La Mariakamer vous est ouverte le 8 septembre 2019, jour de la f\u00eate de la Nativit\u00e9 de Marie.<\/p>\n<p>Pour une conf\u00e9rence ou une pr\u00e9sentation sur Marie, les lieux de p\u00e8lerinage et la Chambre de Marie, vous pouvez vous adresser \u00e0 <a href=\"mailto:janvanwijk1010@gmail.com\">janvanwijk1010@gmail.com<\/a> envoyer un message. Si vous \u00eates int\u00e9ress\u00e9 par un livre sur Marie, visitez la rubrique \u201c publications \u201d.<\/p>\n<p>Je souhaite un s\u00e9jour significatif et agr\u00e9able dans la Mariakamer.<\/p>\n<p>Jan van Wijk<\/p>\n<\/div>\n<\/div><div class=\"bde-column-31572-110 bde-column\">\n  \n  \n\t\n\n\n\n<div class=\"bde-image-31572-111 bde-image\">\n<figure class=\"breakdance-image breakdance-image--3788\">\n\t<div class=\"breakdance-image-container\">\n\t\t<div class=\"breakdance-image-clip\"><img loading=\"lazy\" decoding=\"async\" class=\"breakdance-image-object\" src=\"https:\/\/mariakamer.nl\/wp-content\/uploads\/2020\/10\/IMG_1748-scaled.jpeg\" width=\"1920\" height=\"2560\" srcset=\"https:\/\/mariakamer.nl\/wp-content\/uploads\/2020\/10\/IMG_1748-scaled.jpeg 1920w, https:\/\/mariakamer.nl\/wp-content\/uploads\/2020\/10\/IMG_1748-225x300.jpeg 225w, https:\/\/mariakamer.nl\/wp-content\/uploads\/2020\/10\/IMG_1748-768x1024.jpeg 768w, https:\/\/mariakamer.nl\/wp-content\/uploads\/2020\/10\/IMG_1748-1152x1536.jpeg 1152w, https:\/\/mariakamer.nl\/wp-content\/uploads\/2020\/10\/IMG_1748-1536x2048.jpeg 1536w, https:\/\/mariakamer.nl\/wp-content\/uploads\/2020\/10\/IMG_1748-1560x2080.jpeg 1560w\" sizes=\"auto, (max-width: 1920px) 100vw, 1920px\" alt=\"Mariakamer, mari\u00e9\"><\/div>\n\t<\/div><\/figure>\n\n<\/div>\n<\/div><\/div><\/div>\n<\/section><section class=\"bde-section-31572-115 bde-section\">\n  \n  \n\t\n\n\n\n<div class=\"section-container\"><div class=\"bde-stats-grid-31572-106 bde-stats-grid\">\n  <div class='bde-stats-grid_item'>\n          \n    \n            <div class=\"bde-stats-grid_icon breakdance-icon-atom\" >\n    \n                    <svg xmlns=\"http:\/\/www.w3.org\/2000\/svg\" viewbox=\"0 0 640 512\"><!--! Font Awesome Free 6.5.1 by @fontawesome - https:\/\/fontawesome.com License - https:\/\/fontawesome.com\/license\/free (Icons: CC BY 4.0, Fonts: SIL OFL 1.1, Code: MIT License) Copyright 2023 Fonticons, Inc. --><path d=\"M344 24c0-13.3-10.7-24-24-24s-24 10.7-24 24V48H264c-13.3 0-24 10.7-24 24s10.7 24 24 24h32v46.4L183.3 210c-14.5 8.7-23.3 24.3-23.3 41.2V512h96V416c0-35.3 28.7-64 64-64s64 28.7 64 64v96h96V251.2c0-16.9-8.8-32.5-23.3-41.2L344 142.4V96h32c13.3 0 24-10.7 24-24s-10.7-24-24-24H344V24zM24.9 330.3C9.5 338.8 0 354.9 0 372.4V464c0 26.5 21.5 48 48 48h80V273.6L24.9 330.3zM592 512c26.5 0 48-21.5 48-48V372.4c0-17.5-9.5-33.6-24.9-42.1L512 273.6V512h80z\"\/><\/svg>\n        \n        \n        \n            <\/div>\n    \n\n        <h3 class='bde-stats-grid_number' >\n     200+\n    <\/h3>\n    <p class='bde-stats-grid_text' >\n      Lieux de p\u00e8lerinage \u00a0 \u00a0\n    <\/p>\n  <\/div>\n  <div class='bde-stats-grid_item'>\n          \n    \n            <div class=\"bde-stats-grid_icon breakdance-icon-atom\" >\n    \n                    <svg xmlns=\"http:\/\/www.w3.org\/2000\/svg\" viewbox=\"0 0 384 512\"><!--! Font Awesome Free 6.5.1 by @fontawesome - https:\/\/fontawesome.com License - https:\/\/fontawesome.com\/license\/free (Icons: CC BY 4.0, Fonts: SIL OFL 1.1, Code: MIT License) Copyright 2023 Fonticons, Inc. --><path d=\"M64 464c-8.8 0-16-7.2-16-16V64c0-8.8 7.2-16 16-16H224v80c0 17.7 14.3 32 32 32h80V448c0 8.8-7.2 16-16 16H64zM64 0C28.7 0 0 28.7 0 64V448c0 35.3 28.7 64 64 64H320c35.3 0 64-28.7 64-64V154.5c0-17-6.7-33.3-18.7-45.3L274.7 18.7C262.7 6.7 246.5 0 229.5 0H64zm56 256c-13.3 0-24 10.7-24 24s10.7 24 24 24H264c13.3 0 24-10.7 24-24s-10.7-24-24-24H120zm0 96c-13.3 0-24 10.7-24 24s10.7 24 24 24H264c13.3 0 24-10.7 24-24s-10.7-24-24-24H120z\"\/><\/svg>\n        \n        \n        \n            <\/div>\n    \n\n        <h3 class='bde-stats-grid_number' >\n     500+ \u00a0 \u00a0\n    <\/h3>\n    <p class='bde-stats-grid_text' >\n      Aphorismes \u00a0 \u00a0\n    <\/p>\n  <\/div>\n\n<\/div><\/div>\n<\/section><section class=\"bde-section-31572-117 bde-section\">\n  \n  \n\t\n\n\n\n<div class=\"section-container\"><h2 class=\"bde-heading-31572-121 bde-heading\">\nModifications et ajouts r\u00e9cents\n<\/h2><div class=\"bde-post-list-31572-120 bde-post-list phox-facets-target phox-facets-target-default\"><div class=\"bde-loop bde-loop-grid ee-posts ee-posts-grid\">    <article class=\"bde-loop-item ee-post\">\n        \n        \n        <div class=\"bde-loop-item__wrap ee-post-wrap\">\n            \n                            <h3 class=\"ee-post-title\" >\n                    <a class=\"bde-loop-item__title-link ee-post-title-link\" href=\"https:\/\/mariakamer.nl\/fr\/mei-2\/\"  tabindex=\"-1\">\n                        Calendrier marial - Mai                    <\/a>\n                <\/h3>\n            <ul class=\"bde-loop-item__post-tax ee-post-taxonomy\"><li class=\"bde-loop-item__tax-item ee-post-taxonomy-item\">Calendrier des f\u00eates<\/li><\/ul>\n        \n    \n    \n    \n                            \n            \n                    \n            \n            \n\n    \n    \n    \n    \n                            \n    <a class=\"breakdance-link button-atom button-atom--primary bde-loop-item__button ee-post-button\" href=\"https:\/\/mariakamer.nl\/fr\/mei-2\/\" target=\"_self\" data-type=\"url\"  aria-label=\"En savoir plus sur Mariakalender \u2013 Mai\" >\n\n    \n        <span class=\"button-atom__text\">lire la suite<\/span>\n\n        \n        \n                <\/a>\n\n    \n\n\n\n\n            \n        <\/div>\n\n    <\/article>\n\n    <article class=\"bde-loop-item ee-post\">\n        \n        \n        <div class=\"bde-loop-item__wrap ee-post-wrap\">\n            \n                            <h3 class=\"ee-post-title\" >\n                    <a class=\"bde-loop-item__title-link ee-post-title-link\" href=\"https:\/\/mariakamer.nl\/fr\/aforismen-501\/\"  tabindex=\"-1\">\n                        Aphorismes sur Marie 501-..                    <\/a>\n                <\/h3>\n            <ul class=\"bde-loop-item__post-tax ee-post-taxonomy\"><li class=\"bde-loop-item__tax-item ee-post-taxonomy-item\">Aphorismes<\/li><\/ul>\n        \n    \n    \n    \n                            \n            \n                    \n            \n            \n\n    \n    \n    \n    \n                            \n    <a class=\"breakdance-link button-atom button-atom--primary bde-loop-item__button ee-post-button\" href=\"https:\/\/mariakamer.nl\/fr\/aforismen-501\/\" target=\"_self\" data-type=\"url\"  aria-label=\"En savoir plus sur Aforismen over Maria 501-...\" >\n\n    \n        <span class=\"button-atom__text\">lire la suite<\/span>\n\n        \n        \n                <\/a>\n\n    \n\n\n\n\n            \n        <\/div>\n\n    <\/article>\n\n    <article class=\"bde-loop-item ee-post\">\n        \n        \n        <div class=\"bde-loop-item__wrap ee-post-wrap\">\n            \n                            <h3 class=\"ee-post-title\" >\n                    <a class=\"bde-loop-item__title-link ee-post-title-link\" href=\"https:\/\/mariakamer.nl\/fr\/essen-lourdesgrot-essendonk\/\"  tabindex=\"-1\">\n                        Essen \u2013 Grotte de Lourdes \u2013 Essendonk                    <\/a>\n                <\/h3>\n            <ul class=\"bde-loop-item__post-tax ee-post-taxonomy\"><li class=\"bde-loop-item__tax-item ee-post-taxonomy-item\">Grottes de Lourdes en Belgique<\/li><\/ul>\n        \n    \n    \n    \n                            \n            \n                    \n            \n            \n\n    \n    \n    \n    \n                            \n    <a class=\"breakdance-link button-atom button-atom--primary bde-loop-item__button ee-post-button\" href=\"https:\/\/mariakamer.nl\/fr\/essen-lourdesgrot-essendonk\/\" target=\"_self\" data-type=\"url\"  aria-label=\"En savoir plus sur Essen \u2013 Grotte de Lourdes \u2013 Essendonk\" >\n\n    \n        <span class=\"button-atom__text\">lire la suite<\/span>\n\n        \n        \n                <\/a>\n\n    \n\n\n\n\n            \n        <\/div>\n\n    <\/article>\n\n    <article class=\"bde-loop-item ee-post\">\n        \n        \n        <div class=\"bde-loop-item__wrap ee-post-wrap\">\n            \n                            <h3 class=\"ee-post-title\" >\n                    <a class=\"bde-loop-item__title-link ee-post-title-link\" href=\"https:\/\/mariakamer.nl\/fr\/bedevaartplaatsen-in-duitsland-koln\/\"  tabindex=\"-1\">\n                        Lieux de p\u00e8lerinage en Allemagne \u2013 Cologne                    <\/a>\n                <\/h3>\n            <ul class=\"bde-loop-item__post-tax ee-post-taxonomy\"><li class=\"bde-loop-item__tax-item ee-post-taxonomy-item\">Lieux de p\u00e8lerinage en Allemagne<\/li><\/ul>\n        \n    \n    \n    \n                            \n            \n                    \n            \n            \n\n    \n    \n    \n    \n                            \n    <a class=\"breakdance-link button-atom button-atom--primary bde-loop-item__button ee-post-button\" href=\"https:\/\/mariakamer.nl\/fr\/bedevaartplaatsen-in-duitsland-koln\/\" target=\"_self\" data-type=\"url\"  aria-label=\"En savoir plus sur les lieux de p\u00e8lerinage en Allemagne \u2013 Cologne\" >\n\n    \n        <span class=\"button-atom__text\">lire la suite<\/span>\n\n        \n        \n                <\/a>\n\n    \n\n\n\n\n            \n        <\/div>\n\n    <\/article>\n\n    <article class=\"bde-loop-item ee-post\">\n        \n        \n        <div class=\"bde-loop-item__wrap ee-post-wrap\">\n            \n                            <h3 class=\"ee-post-title\" >\n                    <a class=\"bde-loop-item__title-link ee-post-title-link\" href=\"https:\/\/mariakamer.nl\/fr\/brugge-onze-lieve-vrouwekerk\/\"  tabindex=\"-1\">\n                        Bruges \u2013 \u00c9glise Notre-Dame                    <\/a>\n                <\/h3>\n            <ul class=\"bde-loop-item__post-tax ee-post-taxonomy\"><li class=\"bde-loop-item__tax-item ee-post-taxonomy-item\">Marie dans les mus\u00e9es et \u00e9glises en Belgique<\/li><\/ul>\n        \n    \n    \n    \n                            \n            \n                    \n            \n            \n\n    \n    \n    \n    \n                            \n    <a class=\"breakdance-link button-atom button-atom--primary bde-loop-item__button ee-post-button\" href=\"https:\/\/mariakamer.nl\/fr\/brugge-onze-lieve-vrouwekerk\/\" target=\"_self\" data-type=\"url\"  aria-label=\"En savoir plus sur Bruges \u2013 \u00c9glise Notre-Dame\" >\n\n    \n        <span class=\"button-atom__text\">lire la suite<\/span>\n\n        \n        \n                <\/a>\n\n    \n\n\n\n\n            \n        <\/div>\n\n    <\/article>\n\n    <article class=\"bde-loop-item ee-post\">\n        \n        \n        <div class=\"bde-loop-item__wrap ee-post-wrap\">\n            \n                            <h3 class=\"ee-post-title\" >\n                    <a class=\"bde-loop-item__title-link ee-post-title-link\" href=\"https:\/\/mariakamer.nl\/fr\/bedevaartplaatsen-in-frankrijk-pellevoisin\/\"  tabindex=\"-1\">\n                        Lieux de p\u00e8lerinage en France \u2013 Pellevoisin                    <\/a>\n                <\/h3>\n            <ul class=\"bde-loop-item__post-tax ee-post-taxonomy\"><li class=\"bde-loop-item__tax-item ee-post-taxonomy-item\">Lieux de p\u00e8lerinage en France<\/li><\/ul>\n        \n    \n    \n    \n                            \n            \n                    \n            \n            \n\n    \n    \n    \n    \n                            \n    <a class=\"breakdance-link button-atom button-atom--primary bde-loop-item__button ee-post-button\" href=\"https:\/\/mariakamer.nl\/fr\/bedevaartplaatsen-in-frankrijk-pellevoisin\/\" target=\"_self\" data-type=\"url\"  aria-label=\"En savoir plus sur les lieux de p\u00e8lerinage en France \u2013 Pellevoisin\" >\n\n    \n        <span class=\"button-atom__text\">lire la suite<\/span>\n\n        \n        \n                <\/a>\n\n    \n\n\n\n\n            \n        <\/div>\n\n    <\/article>\n\n<\/div><\/div><\/div>\n<\/section>","protected":false},"excerpt":{"rendered":"","protected":false},"author":1,"featured_media":0,"parent":0,"menu_order":0,"comment_status":"closed","ping_status":"closed","template":"","meta":{"_acf_changed":false,"_breakdance_hide_in_design_set":false,"_breakdance_tags":"","footnotes":""},"class_list":["post-31572","page","type-page","status-publish","hentry"],"acf":[],"featured_image_urls_v2":{"full":"","thumbnail":"","medium":"","medium_large":"","large":"","1536x1536":"","2048x2048":"","trp-custom-language-flag":""},"post_excerpt_stackable_v2":"","category_list_v2":"","author_info_v2":{"name":"administrateur","url":"https:\/\/mariakamer.nl\/fr\/author\/admin\/"},"comments_num_v2":"0 comments","_links":{"self":[{"href":"https:\/\/mariakamer.nl\/fr\/wp-json\/wp\/v2\/pages\/31572","targetHints":{"allow":["GET"]}}],"collection":[{"href":"https:\/\/mariakamer.nl\/fr\/wp-json\/wp\/v2\/pages"}],"about":[{"href":"https:\/\/mariakamer.nl\/fr\/wp-json\/wp\/v2\/types\/page"}],"author":[{"embeddable":true,"href":"https:\/\/mariakamer.nl\/fr\/wp-json\/wp\/v2\/users\/1"}],"replies":[{"embeddable":true,"href":"https:\/\/mariakamer.nl\/fr\/wp-json\/wp\/v2\/comments?post=31572"}],"version-history":[{"count":29,"href":"https:\/\/mariakamer.nl\/fr\/wp-json\/wp\/v2\/pages\/31572\/revisions"}],"predecessor-version":[{"id":35337,"href":"https:\/\/mariakamer.nl\/fr\/wp-json\/wp\/v2\/pages\/31572\/revisions\/35337"}],"wp:attachment":[{"href":"https:\/\/mariakamer.nl\/fr\/wp-json\/wp\/v2\/media?parent=31572"}],"curies":[{"name":"wp","href":"https:\/\/api.w.org\/{rel}","templated":true}]}}