{"id":30424,"date":"2025-03-20T14:38:21","date_gmt":"2025-03-20T13:38:21","guid":{"rendered":"https:\/\/mariakamer.nl\/?page_id=30424"},"modified":"2026-05-05T15:54:06","modified_gmt":"2026-05-05T13:54:06","slug":"poemes-de-marie","status":"publish","type":"page","link":"https:\/\/mariakamer.nl\/fr\/maria-gedichten\/","title":{"rendered":"Po\u00e8mes de Maria"},"content":{"rendered":"<section class=\"bde-section-30424-100 bde-section\">\n  \n  \n\t\n\n\n\n<div class=\"section-container\"><h1 class=\"bde-heading-30424-101 bde-heading\">\nPo\u00e8mes de Marie\n<\/h1><div class=\"bde-columns-30424-102 bde-columns\"><div class=\"bde-column-30424-103 bde-column\">\n  \n  \n\t\n\n\n\n<img decoding=\"async\" class=\"bde-image2-30424-106 bde-image2\" src=\"https:\/\/mariakamer.nl\/wp-content\/uploads\/2020\/04\/IMG_0236-scaled-e1586429730912.jpeg\" loading=\"lazy\" srcset=\"https:\/\/mariakamer.nl\/wp-content\/uploads\/2020\/04\/IMG_0236-scaled-e1586429730912.jpeg 1920w, https:\/\/mariakamer.nl\/wp-content\/uploads\/2020\/04\/IMG_0236-scaled-e1586429730912-225x300.jpeg 225w, https:\/\/mariakamer.nl\/wp-content\/uploads\/2020\/04\/IMG_0236-scaled-e1586429730912-768x1024.jpeg 768w, https:\/\/mariakamer.nl\/wp-content\/uploads\/2020\/04\/IMG_0236-scaled-e1586429730912-1152x1536.jpeg 1152w, https:\/\/mariakamer.nl\/wp-content\/uploads\/2020\/04\/IMG_0236-scaled-e1586429730912-1536x2048.jpeg 1536w, https:\/\/mariakamer.nl\/wp-content\/uploads\/2020\/04\/IMG_0236-scaled-e1586429730912-1560x2080.jpeg 1560w\" sizes=\"(max-width: 1920px) 100vw, 1920px\">\n<\/div><div class=\"bde-column-30424-105 bde-column\">\n  \n  \n\t\n\n\n\n<div class=\"bde-rich-text-30424-104 bde-rich-text breakdance-rich-text-styles\">\n<h2><\/h2>\n<p class=\"has-text-align-center\">Chaque mois, un \" Po\u00e8me marial \" \u00e0 charge spirituelle est publi\u00e9. Les po\u00e8mes sont d\u00e9clam\u00e9s, souvent accompagn\u00e9s de musiques. Le texte de chaque \" Po\u00e8me marial \" peut \u00e9galement \u00eatre lu.<\/p>\n<h2><\/h2>\n<p class=\"has-text-align-center\">Jan van Wijk<\/p>\n<\/div>\n<\/div><\/div><\/div>\n<\/section><section class=\"bde-section-30424-107 bde-section\">\n  \n  \n\t\n\n\n\n<div class=\"section-container\"><div class=\"bde-post-list-30424-108 bde-post-list phox-facets-target phox-facets-target-default\"><div class=\"bde-loop bde-loop-grid ee-posts ee-posts-grid\">    <article class=\"bde-loop-item ee-post\">\n        \n        \n        <div class=\"bde-loop-item__wrap ee-post-wrap\">\n            \n                            <h3 class=\"ee-post-title\" >\n                    <a class=\"bde-loop-item__title-link ee-post-title-link\" href=\"https:\/\/mariakamer.nl\/fr\/essen-lourdesgrot-essendonk\/\"  tabindex=\"-1\">\n                        Essen \u2013 Grotte de Lourdes \u2013 Essendonk                    <\/a>\n                <\/h3>\n                            <div class=\"bde-loop-item__content ee-post-content\">\n                    De Lourdesgrot uit 1911 staat aan de rand van de bebouwde kom van Essen, niet ver van de weg naar het Nederlandse Roosendaal. Bijzonder is dat de Lourdesgrot in een\u2026                <\/div>\n            \n        \n    \n    \n    \n                            \n            \n                    \n            \n            \n\n    \n    \n    \n    \n                            \n    <a class=\"breakdance-link button-atom button-atom--primary bde-loop-item__button ee-post-button\" href=\"https:\/\/mariakamer.nl\/fr\/essen-lourdesgrot-essendonk\/\" target=\"_self\" data-type=\"url\"  aria-label=\"En savoir plus sur Essen \u2013 Grotte de Lourdes \u2013 Essendonk\" >\n\n    \n        <span class=\"button-atom__text\">lire la suite<\/span>\n\n        \n        \n                <\/a>\n\n    \n\n\n\n\n            \n        <\/div>\n\n    <\/article>\n\n    <article class=\"bde-loop-item ee-post\">\n        \n        \n        <div class=\"bde-loop-item__wrap ee-post-wrap\">\n            \n                            <h3 class=\"ee-post-title\" >\n                    <a class=\"bde-loop-item__title-link ee-post-title-link\" href=\"https:\/\/mariakamer.nl\/fr\/bedevaartplaatsen-in-duitsland-koln\/\"  tabindex=\"-1\">\n                        Lieux de p\u00e8lerinage en Allemagne \u2013 Cologne                    <\/a>\n                <\/h3>\n                            <div class=\"bde-loop-item__content ee-post-content\">\n                    GESCHIEDENIS In 1630 komen 5 dochters van de ongeschoeide karmelieten uit het Nederlandse &#8216;s-Hertogenbosch naar K\u00f6ln. Zij vluchten uit Nederland door de toenemende heerschappij van protestanten, die hen meer en\u2026                <\/div>\n            \n        \n    \n    \n    \n                            \n            \n                    \n            \n            \n\n    \n    \n    \n    \n                            \n    <a class=\"breakdance-link button-atom button-atom--primary bde-loop-item__button ee-post-button\" href=\"https:\/\/mariakamer.nl\/fr\/bedevaartplaatsen-in-duitsland-koln\/\" target=\"_self\" data-type=\"url\"  aria-label=\"En savoir plus sur les lieux de p\u00e8lerinage en Allemagne \u2013 Cologne\" >\n\n    \n        <span class=\"button-atom__text\">lire la suite<\/span>\n\n        \n        \n                <\/a>\n\n    \n\n\n\n\n            \n        <\/div>\n\n    <\/article>\n\n    <article class=\"bde-loop-item ee-post\">\n        \n        \n        <div class=\"bde-loop-item__wrap ee-post-wrap\">\n            \n                            <h3 class=\"ee-post-title\" >\n                    <a class=\"bde-loop-item__title-link ee-post-title-link\" href=\"https:\/\/mariakamer.nl\/fr\/aarschot-lourdesgrot\/\"  tabindex=\"-1\">\n                        Aarschot &#8211; Lourdesgrot                    <\/a>\n                <\/h3>\n                            <div class=\"bde-loop-item__content ee-post-content\">\n                    In 1934 is de Lourdesgrot gebouwd door Jef van Dessel (*1903), voormalig politieagent te Aarschot, na een bedevaart per fiets naar het Heiligdom van Lourdes in het zuiden van Frankrijk.\u2026                <\/div>\n            \n        \n    \n    \n    \n                            \n            \n                    \n            \n            \n\n    \n    \n    \n    \n                            \n    <a class=\"breakdance-link button-atom button-atom--primary bde-loop-item__button ee-post-button\" href=\"https:\/\/mariakamer.nl\/fr\/aarschot-lourdesgrot\/\" target=\"_self\" data-type=\"url\"  aria-label=\"Read more about Aarschot &#8211; Lourdesgrot\" >\n\n    \n        <span class=\"button-atom__text\">lire la suite<\/span>\n\n        \n        \n                <\/a>\n\n    \n\n\n\n\n            \n        <\/div>\n\n    <\/article>\n\n    <article class=\"bde-loop-item ee-post\">\n        \n        \n        <div class=\"bde-loop-item__wrap ee-post-wrap\">\n            \n                            <h3 class=\"ee-post-title\" >\n                    <a class=\"bde-loop-item__title-link ee-post-title-link\" href=\"https:\/\/mariakamer.nl\/fr\/wommersom-lourdesgrot\/\"  tabindex=\"-1\">\n                        Wommersom &#8211; Lourdesgrot                    <\/a>\n                <\/h3>\n                            <div class=\"bde-loop-item__content ee-post-content\">\n                    Het ontstaan van de Lourdesgrot te Wommersom komt door een persoonlijke gebeurtenis. Louis Lambert (*1936) is een Maria-vereerder en veelvuldig bezoekt hij het Heiligdom in het Franse Lourdes. Door een\u2026                <\/div>\n            \n        \n    \n    \n    \n                            \n            \n                    \n            \n            \n\n    \n    \n    \n    \n                            \n    <a class=\"breakdance-link button-atom button-atom--primary bde-loop-item__button ee-post-button\" href=\"https:\/\/mariakamer.nl\/fr\/wommersom-lourdesgrot\/\" target=\"_self\" data-type=\"url\"  aria-label=\"Read more about Wommersom &#8211; Lourdesgrot\" >\n\n    \n        <span class=\"button-atom__text\">lire la suite<\/span>\n\n        \n        \n                <\/a>\n\n    \n\n\n\n\n            \n        <\/div>\n\n    <\/article>\n\n    <article class=\"bde-loop-item ee-post\">\n        \n        \n        <div class=\"bde-loop-item__wrap ee-post-wrap\">\n            \n                            <h3 class=\"ee-post-title\" >\n                    <a class=\"bde-loop-item__title-link ee-post-title-link\" href=\"https:\/\/mariakamer.nl\/fr\/wildert-lourdesgrot\/\"  tabindex=\"-1\">\n                        Wildert &#8211; Lourdesgrot                    <\/a>\n                <\/h3>\n                            <div class=\"bde-loop-item__content ee-post-content\">\n                    De naam &#8220;Wildert&#8221; komt al voor in 1412 en verwijst naar &#8220;wildernis&#8221;. De plaats waar later het dorp komt, is dan een onbewoond, verwilderd gebied. In Wildert, deelgemeente van Essen,\u2026                <\/div>\n            \n        \n    \n    \n    \n                            \n            \n                    \n            \n            \n\n    \n    \n    \n    \n                            \n    <a class=\"breakdance-link button-atom button-atom--primary bde-loop-item__button ee-post-button\" href=\"https:\/\/mariakamer.nl\/fr\/wildert-lourdesgrot\/\" target=\"_self\" data-type=\"url\"  aria-label=\"Read more about Wildert &#8211; Lourdesgrot\" >\n\n    \n        <span class=\"button-atom__text\">lire la suite<\/span>\n\n        \n        \n                <\/a>\n\n    \n\n\n\n\n            \n        <\/div>\n\n    <\/article>\n\n    <article class=\"bde-loop-item ee-post\">\n        \n        \n        <div class=\"bde-loop-item__wrap ee-post-wrap\">\n            \n                            <h3 class=\"ee-post-title\" >\n                    <a class=\"bde-loop-item__title-link ee-post-title-link\" href=\"https:\/\/mariakamer.nl\/fr\/achterbroek-lourdesgrot-kalmthoutsesteenweg\/\"  tabindex=\"-1\">\n                        Achterbroek &#8211; Lourdesgrot &#8211; Kalmthoutsesteenweg                    <\/a>\n                <\/h3>\n                            <div class=\"bde-loop-item__content ee-post-content\">\n                    Een voorbeeld van een goed verzorgde Lourdesgrot is te zien in Achterbroek. Vanaf de Kalmthoutsesteenweg is het een pad ingaan met aan weerszijden bomen, struiken en planten, een prachtige entree\u2026                <\/div>\n            \n        \n    \n    \n    \n                            \n            \n                    \n            \n            \n\n    \n    \n    \n    \n                            \n    <a class=\"breakdance-link button-atom button-atom--primary bde-loop-item__button ee-post-button\" href=\"https:\/\/mariakamer.nl\/fr\/achterbroek-lourdesgrot-kalmthoutsesteenweg\/\" target=\"_self\" data-type=\"url\"  aria-label=\"Read more about Achterbroek &#8211; Lourdesgrot &#8211; Kalmthoutsesteenweg\" >\n\n    \n        <span class=\"button-atom__text\">lire la suite<\/span>\n\n        \n        \n                <\/a>\n\n    \n\n\n\n\n            \n        <\/div>\n\n    <\/article>\n\n    <article class=\"bde-loop-item ee-post\">\n        \n        \n        <div class=\"bde-loop-item__wrap ee-post-wrap\">\n            \n                            <h3 class=\"ee-post-title\" >\n                    <a class=\"bde-loop-item__title-link ee-post-title-link\" href=\"https:\/\/mariakamer.nl\/fr\/bedevaartplaatsen-in-duitsland-ophoven\/\"  tabindex=\"-1\">\n                        Bedevaartplaatsen in Duitsland &#8211; Ophoven                    <\/a>\n                <\/h3>\n                            <div class=\"bde-loop-item__content ee-post-content\">\n                    GESCHIEDENIS In 1196 schenken graaf Otto von Born (\u00b11160-\u00b11224) en zijn echtgenote Petronella von Limburg (\u00b11183-\u00b11223) de grond voor de oprichting van een cisterci\u00ebnzer-klooster. De bedevaartkerk dateert uit 1198 en\u2026                <\/div>\n            \n        \n    \n    \n    \n                            \n            \n                    \n            \n            \n\n    \n    \n    \n    \n                            \n    <a class=\"breakdance-link button-atom button-atom--primary bde-loop-item__button ee-post-button\" href=\"https:\/\/mariakamer.nl\/fr\/bedevaartplaatsen-in-duitsland-ophoven\/\" target=\"_self\" data-type=\"url\"  aria-label=\"Read more about Bedevaartplaatsen in Duitsland &#8211; Ophoven\" >\n\n    \n        <span class=\"button-atom__text\">lire la suite<\/span>\n\n        \n        \n                <\/a>\n\n    \n\n\n\n\n            \n        <\/div>\n\n    <\/article>\n\n    <article class=\"bde-loop-item ee-post\">\n        \n        \n        <div class=\"bde-loop-item__wrap ee-post-wrap\">\n            \n                            <h3 class=\"ee-post-title\" >\n                    <a class=\"bde-loop-item__title-link ee-post-title-link\" href=\"https:\/\/mariakamer.nl\/fr\/essen-lourdesgrot-nollekensstraat\/\"  tabindex=\"-1\">\n                        Essen &#8211; Lourdesgrot -Nollekensstraat                    <\/a>\n                <\/h3>\n                            <div class=\"bde-loop-item__content ee-post-content\">\n                    In Essen, de grensplaats met Nederland, staan enkele Lourdesgrotten. In de Nollekensstraat, bij Woonzorgcentrum De Bijster, staat achterin de tuin, bij de achterzijde van de keuken en de afgifte van\u2026                <\/div>\n            \n        \n    \n    \n    \n                            \n            \n                    \n            \n            \n\n    \n    \n    \n    \n                            \n    <a class=\"breakdance-link button-atom button-atom--primary bde-loop-item__button ee-post-button\" href=\"https:\/\/mariakamer.nl\/fr\/essen-lourdesgrot-nollekensstraat\/\" target=\"_self\" data-type=\"url\"  aria-label=\"Read more about Essen &#8211; Lourdesgrot -Nollekensstraat\" >\n\n    \n        <span class=\"button-atom__text\">lire la suite<\/span>\n\n        \n        \n                <\/a>\n\n    \n\n\n\n\n            \n        <\/div>\n\n    <\/article>\n\n    <article class=\"bde-loop-item ee-post\">\n        \n        \n        <div class=\"bde-loop-item__wrap ee-post-wrap\">\n            \n                            <h3 class=\"ee-post-title\" >\n                    <a class=\"bde-loop-item__title-link ee-post-title-link\" href=\"https:\/\/mariakamer.nl\/fr\/mantel-mariagedicht-voor-de-maand-april-2026\/\"  tabindex=\"-1\">\n                        Manteau \u2013 Po\u00e8me de mariage pour le mois d'avril 2026                    <\/a>\n                <\/h3>\n                            <div class=\"bde-loop-item__content ee-post-content\">\n                    Le po\u00e8me de mariage \u201c manteau \u201d est tir\u00e9 du livre \u201c Marie en pens\u00e9es \u201d de 2025. manteau manteau de l'amour il montre une unit\u00e9 \u00e9troite avec une tendre intimit\u00e9 c'est toujours le manteau familier qui offre protection et pour les autres aussi bienvenu\u2026                <\/div>\n            \n        \n    \n    \n    \n                            \n            \n                    \n            \n            \n\n    \n    \n    \n    \n                            \n    <a class=\"breakdance-link button-atom button-atom--primary bde-loop-item__button ee-post-button\" href=\"https:\/\/mariakamer.nl\/fr\/mantel-mariagedicht-voor-de-maand-april-2026\/\" target=\"_self\" data-type=\"url\"  aria-label=\"En savoir plus sur le manteau \u2013 Po\u00e8me de mariage pour le mois d&#039;avril 2026\" >\n\n    \n        <span class=\"button-atom__text\">lire la suite<\/span>\n\n        \n        \n                <\/a>\n\n    \n\n\n\n\n            \n        <\/div>\n\n    <\/article>\n\n<\/div><div class=\"bde-posts-pagination bde-posts-navigation-numbers\"><ul><li class=\"bde-posts-navigation-numbers--active\"><a class=\"is-active\" href='https:\/\/mariakamer.nl\/fr\/wp-json\/wp\/v2\/pages\/30424\/'>1<\/a><\/li><li ><a  href='https:\/\/mariakamer.nl\/fr\/wp-json\/wp\/v2\/pages\/30424\/page\/2\/'>2<\/a><\/li><li ><a  href='https:\/\/mariakamer.nl\/fr\/wp-json\/wp\/v2\/pages\/30424\/page\/3\/'>3<\/a><\/li><li class=\"bde-posts-navigation-numbers--ellipses\"><span>\u2026<\/span><\/li><li ><a  href='https:\/\/mariakamer.nl\/fr\/wp-json\/wp\/v2\/pages\/30424\/page\/44\/'>44<\/a><\/li><\/ul><\/div><\/div><\/div>\n<\/section><section class=\"bde-section-30424-109 bde-section\">\n  \n  \n\t\n\n\n\n<div class=\"section-container\"><img decoding=\"async\" class=\"bde-image2-30424-110 bde-image2\" src=\"https:\/\/mariakamer.nl\/wp-content\/uploads\/2021\/04\/IMG_2324-scaled-e1618583952903.jpeg\" loading=\"lazy\" srcset=\"https:\/\/mariakamer.nl\/wp-content\/uploads\/2021\/04\/IMG_2324-scaled-e1618583952903.jpeg 1516w, https:\/\/mariakamer.nl\/wp-content\/uploads\/2021\/04\/IMG_2324-scaled-e1618583952903-209x300.jpeg 209w, https:\/\/mariakamer.nl\/wp-content\/uploads\/2021\/04\/IMG_2324-scaled-e1618583952903-713x1024.jpeg 713w, https:\/\/mariakamer.nl\/wp-content\/uploads\/2021\/04\/IMG_2324-scaled-e1618583952903-768x1102.jpeg 768w, https:\/\/mariakamer.nl\/wp-content\/uploads\/2021\/04\/IMG_2324-scaled-e1618583952903-1070x1536.jpeg 1070w, https:\/\/mariakamer.nl\/wp-content\/uploads\/2021\/04\/IMG_2324-scaled-e1618583952903-1427x2048.jpeg 1427w\" sizes=\"(max-width: 1516px) 100vw, 1516px\"><div class=\"bde-text-30424-111 bde-text\">\nLe message de Maria\n<\/div><\/div>\n<\/section>","protected":false},"excerpt":{"rendered":"","protected":false},"author":1,"featured_media":0,"parent":0,"menu_order":0,"comment_status":"closed","ping_status":"closed","template":"","meta":{"_acf_changed":false,"_breakdance_hide_in_design_set":false,"_breakdance_tags":"","footnotes":""},"class_list":["post-30424","page","type-page","status-publish","hentry"],"acf":[],"featured_image_urls_v2":{"full":"","thumbnail":"","medium":"","medium_large":"","large":"","1536x1536":"","2048x2048":"","trp-custom-language-flag":""},"post_excerpt_stackable_v2":"","category_list_v2":"","author_info_v2":{"name":"administrateur","url":"https:\/\/mariakamer.nl\/fr\/author\/admin\/"},"comments_num_v2":"0 comments","_links":{"self":[{"href":"https:\/\/mariakamer.nl\/fr\/wp-json\/wp\/v2\/pages\/30424","targetHints":{"allow":["GET"]}}],"collection":[{"href":"https:\/\/mariakamer.nl\/fr\/wp-json\/wp\/v2\/pages"}],"about":[{"href":"https:\/\/mariakamer.nl\/fr\/wp-json\/wp\/v2\/types\/page"}],"author":[{"embeddable":true,"href":"https:\/\/mariakamer.nl\/fr\/wp-json\/wp\/v2\/users\/1"}],"replies":[{"embeddable":true,"href":"https:\/\/mariakamer.nl\/fr\/wp-json\/wp\/v2\/comments?post=30424"}],"version-history":[{"count":7,"href":"https:\/\/mariakamer.nl\/fr\/wp-json\/wp\/v2\/pages\/30424\/revisions"}],"predecessor-version":[{"id":35382,"href":"https:\/\/mariakamer.nl\/fr\/wp-json\/wp\/v2\/pages\/30424\/revisions\/35382"}],"wp:attachment":[{"href":"https:\/\/mariakamer.nl\/fr\/wp-json\/wp\/v2\/media?parent=30424"}],"curies":[{"name":"wp","href":"https:\/\/api.w.org\/{rel}","templated":true}]}}