{"id":25,"date":"2019-04-23T11:40:46","date_gmt":"2019-04-23T10:40:46","guid":{"rendered":"https:\/\/mariakamer.nl\/?page_id=25"},"modified":"2025-11-26T22:22:56","modified_gmt":"2025-11-26T21:22:56","slug":"lieux-de-pelerinage","status":"publish","type":"page","link":"https:\/\/mariakamer.nl\/fr\/bedevaartsplaatsen\/","title":{"rendered":"Lieux de p\u00e8lerinage"},"content":{"rendered":"<section class=\"bde-section-25-100 bde-section\">\n  \n  \n\t\n\n\n\n<div class=\"section-container\"><h1 class=\"bde-heading-25-101 bde-heading\">\nLieux de p\u00e8lerinage\n<\/h1><div class=\"bde-columns-25-104 bde-columns\"><div class=\"bde-column-25-105 bde-column\">\n  \n  \n\t\n\n\n\n<img decoding=\"async\" class=\"bde-image2-25-103 bde-image2\" src=\"https:\/\/mariakamer.nl\/wp-content\/uploads\/2019\/08\/IMG_0014-e1567277548872.jpg\" loading=\"lazy\" srcset=\"https:\/\/mariakamer.nl\/wp-content\/uploads\/2019\/08\/IMG_0014-e1567277548872.jpg 480w, https:\/\/mariakamer.nl\/wp-content\/uploads\/2019\/08\/IMG_0014-e1567277548872-225x300.jpg 225w\" sizes=\"(max-width: 480px) 100vw, 480px\">\n<\/div><div class=\"bde-column-25-106 bde-column\">\n  \n  \n\t\n\n\n\n<div class=\"bde-rich-text-25-102 bde-rich-text breakdance-rich-text-styles\">\n<h2><\/h2>\n<p>Dans ma vie, j'ai eu l'occasion de visiter de nombreux lieux de p\u00e8lerinage marial. Je souhaite partager avec vous des visites de ces lieux porteurs de sens, o\u00f9 Marie est centrale. Ces derni\u00e8res ann\u00e9es, j'ai pu me rendre dans plusieurs sanctuaires mariaux, tels que <a href=\"https:\/\/mariakamer.nl\/fr\/bedhttps:\/\/mariakamer.nl\/bedevaartplaatsen-in-belgie-banneux-notre-dame\/\">Banneux<\/a>, <a href=\"https:\/\/mariakamer.nl\/fr\/bedevaartplaatsen-in-belgie-beauraing\/\">Beauraing<\/a>, <a href=\"https:\/\/mariakamer.nl\/fr\/portugal-fatima\/\">Fatima<\/a>, <a href=\"https:\/\/mariakamer.nl\/fr\/kevelaer\/\">Kevelaer<\/a>, <a href=\"https:\/\/mariakamer.nl\/fr\/bedevaartplaatsen-in-frankrijk-la-salette\/\">La Salette<\/a> , <a href=\"https:\/\/mariakamer.nl\/fr\/bedevaartplaatsen-in-frankrijk-lourdes\/\">Lourdes<\/a>, <a href=\"https:\/\/mariakamer.nl\/fr\/bedevaartplaatsen-in-italie-montichiari\/\">Montichiari<\/a>, <a href=\"https:\/\/mariakamer.nl\/fr\/bedevaartplaatsen-in-frankrijk-pellevoisin\/\">Pellevoisin<\/a>, <a href=\"https:\/\/mariakamer.nl\/fr\/bedevaartplaatsen-in-frankrijk-pontmain\/\">Pontmain<\/a> fr <a href=\"https:\/\/mariakamer.nl\/fr\/bedevaartplaatsen-in-belgie-scherpenheuvel\/\">Montaigu<\/a>.<\/p>\n<h2> <\/h2>\n<p>Jan van Wijk<\/p>\n<h2><\/h2>\n<\/div><div class=\"bde-rich-text-25-107 bde-rich-text breakdance-rich-text-styles\">\n<p>Dans la Mariakamer sont inclus des lieux de p\u00e8lerinage provenant de :<br \/>- <a href=\"https:\/\/mariakamer.nl\/fr\/lieux-de-pelerinage\/belgie\/\">Belgique<\/a><br \/>- <a href=\"https:\/\/mariakamer.nl\/fr\/lieux-de-pelerinage\/bosnie-herzegovina\/\">Bosnie-Herz\u00e9govine<\/a><br \/>- <a href=\"https:\/\/mariakamer.nl\/fr\/lieux-de-pelerinage\/duitsland\/\">Allemagne<\/a><br \/>- <a href=\"https:\/\/mariakamer.nl\/fr\/lieux-de-pelerinage\/frankrijk\/\">France<\/a><br \/>-<a href=\"https:\/\/mariakamer.nl\/fr\/lieux-de-pelerinage\/italie\/\"> Italie<\/a><br \/>- <a href=\"https:\/\/mariakamer.nl\/fr\/lieux-de-pelerinage\/luxemburg\/\">Luxembourg<\/a><br \/>- <a href=\"https:\/\/mariakamer.nl\/fr\/lieux-de-pelerinage\/malta\/\">Malte<\/a><br \/>- <a href=\"https:\/\/mariakamer.nl\/fr\/lieux-de-pelerinage\/nederland\/\">Pays-Bas<\/a><br \/>- <a href=\"https:\/\/mariakamer.nl\/fr\/lieux-de-pelerinage\/oostenrijk\/\">Autriche<\/a><br \/>- <a href=\"https:\/\/mariakamer.nl\/fr\/lieux-de-pelerinage\/polen\/\">Pologne<\/a><br \/>- <a href=\"https:\/\/mariakamer.nl\/fr\/lieux-de-pelerinage\/portugal\/\">Portugal<\/a>l<br \/>- <a href=\"https:\/\/mariakamer.nl\/fr\/lieux-de-pelerinage\/slovenie\/\">Slov\u00e9nie<\/a><br \/>- <a href=\"https:\/\/mariakamer.nl\/fr\/lieux-de-pelerinage\/spanje\/\">Espagne<\/a><br \/>- <a href=\"https:\/\/mariakamer.nl\/fr\/lieux-de-pelerinage\/bedevaartplaatsen-in-tsjechie\/\">R\u00e9publique tch\u00e8que<\/a><\/p>\n<\/div>\n<\/div><\/div><\/div>\n<\/section>","protected":false},"excerpt":{"rendered":"<p>Bedevaartplaatsen In mijn leven heb ik heel wat bedevaartplaatsen van Maria mogen bezoeken. Ik wil u deelgenoot maken van bezoeken aan deze zingevende plekken, waar Maria centraal staat. De afgelopen jaren heb ik bezoeken mogen brengen aan verscheidene Mariaoorden, zoals Banneux, Beauraing, Fatima, Kevelaer, La Salette , Lourdes, Montichiari, Pellevoisin, Pontmain en Scherpenheuvel. Jan van [&hellip;]<\/p>\n","protected":false},"author":2,"featured_media":0,"parent":0,"menu_order":0,"comment_status":"closed","ping_status":"closed","template":"","meta":{"_acf_changed":false,"_breakdance_hide_in_design_set":false,"_breakdance_tags":"","footnotes":""},"class_list":["post-25","page","type-page","status-publish","hentry"],"acf":[],"featured_image_urls_v2":{"full":"","thumbnail":"","medium":"","medium_large":"","large":"","1536x1536":"","2048x2048":"","trp-custom-language-flag":""},"post_excerpt_stackable_v2":"<p>Bedevaartplaatsen In mijn leven heb ik heel wat bedevaartplaatsen van Maria mogen bezoeken. Ik wil u deelgenoot maken van bezoeken aan deze zingevende plekken, waar Maria centraal staat. De afgelopen jaren heb ik bezoeken mogen brengen aan verscheidene Mariaoorden, zoals Banneux, Beauraing, Fatima, Kevelaer, La Salette , Lourdes, Montichiari, Pellevoisin, Pontmain en Scherpenheuvel. Jan van Wijk In de Mariakamer zijn bedevaartplaatsen opgenomen uit:- Belgi\u00eb- Bosni\u00eb en Herzegovina- Duitsland- Frankrijk- Itali\u00eb- Luxemburg- Malta- Nederland- Oostenrijk- Polen- Portugal- Sloveni\u00eb- Spanje- Tsjechi\u00eb<\/p>\n","category_list_v2":"","author_info_v2":{"name":"Jan van Wijk","url":"https:\/\/mariakamer.nl\/fr\/author\/jan\/"},"comments_num_v2":"0 comments","_links":{"self":[{"href":"https:\/\/mariakamer.nl\/fr\/wp-json\/wp\/v2\/pages\/25","targetHints":{"allow":["GET"]}}],"collection":[{"href":"https:\/\/mariakamer.nl\/fr\/wp-json\/wp\/v2\/pages"}],"about":[{"href":"https:\/\/mariakamer.nl\/fr\/wp-json\/wp\/v2\/types\/page"}],"author":[{"embeddable":true,"href":"https:\/\/mariakamer.nl\/fr\/wp-json\/wp\/v2\/users\/2"}],"replies":[{"embeddable":true,"href":"https:\/\/mariakamer.nl\/fr\/wp-json\/wp\/v2\/comments?post=25"}],"version-history":[{"count":25,"href":"https:\/\/mariakamer.nl\/fr\/wp-json\/wp\/v2\/pages\/25\/revisions"}],"predecessor-version":[{"id":33906,"href":"https:\/\/mariakamer.nl\/fr\/wp-json\/wp\/v2\/pages\/25\/revisions\/33906"}],"wp:attachment":[{"href":"https:\/\/mariakamer.nl\/fr\/wp-json\/wp\/v2\/media?parent=25"}],"curies":[{"name":"wp","href":"https:\/\/api.w.org\/{rel}","templated":true}]}}