{"id":25,"date":"2019-04-23T11:40:46","date_gmt":"2019-04-23T10:40:46","guid":{"rendered":"https:\/\/mariakamer.nl\/?page_id=25"},"modified":"2025-11-26T22:22:56","modified_gmt":"2025-11-26T21:22:56","slug":"pilgrimage-sites","status":"publish","type":"page","link":"https:\/\/mariakamer.nl\/en\/bedevaartsplaatsen\/","title":{"rendered":"Pilgrimage sites"},"content":{"rendered":"<section class=\"bde-section-25-100 bde-section\">\n  \n  \n\t\n\n\n\n<div class=\"section-container\"><h1 class=\"bde-heading-25-101 bde-heading\">\nPilgrimage sites\n<\/h1><div class=\"bde-columns-25-104 bde-columns\"><div class=\"bde-column-25-105 bde-column\">\n  \n  \n\t\n\n\n\n<img decoding=\"async\" class=\"bde-image2-25-103 bde-image2\" src=\"https:\/\/mariakamer.nl\/wp-content\/uploads\/2019\/08\/IMG_0014-e1567277548872.jpg\" loading=\"lazy\" srcset=\"https:\/\/mariakamer.nl\/wp-content\/uploads\/2019\/08\/IMG_0014-e1567277548872.jpg 480w, https:\/\/mariakamer.nl\/wp-content\/uploads\/2019\/08\/IMG_0014-e1567277548872-225x300.jpg 225w\" sizes=\"(max-width: 480px) 100vw, 480px\">\n<\/div><div class=\"bde-column-25-106 bde-column\">\n  \n  \n\t\n\n\n\n<div class=\"bde-rich-text-25-102 bde-rich-text breakdance-rich-text-styles\">\n<h2><\/h2>\n<p>Throughout my life, I've been fortunate enough to visit many Marian shrines. I'd like to share with you my visits to these meaningful places, where Mary is at the centre. In recent years, I've had the opportunity to visit several Marian pilgrimage sites, such as <a href=\"https:\/\/mariakamer.nl\/en\/bedhttps:\/\/mariakamer.nl\/bedevaartplaatsen-in-belgie-banneux-notre-dame\/\">Banneux<\/a>, <a href=\"https:\/\/mariakamer.nl\/en\/bedevaartplaatsen-in-belgie-beauraing\/\">Bearing<\/a>, <a href=\"https:\/\/mariakamer.nl\/en\/portugal-fatima\/\">Fatima<\/a>, <a href=\"https:\/\/mariakamer.nl\/en\/kevelaer\/\">Kevelaer<\/a>, <a href=\"https:\/\/mariakamer.nl\/en\/bedevaartplaatsen-in-frankrijk-la-salette\/\">La Salette<\/a> , <a href=\"https:\/\/mariakamer.nl\/en\/bedevaartplaatsen-in-frankrijk-lourdes\/\">Lourdes<\/a>, <a href=\"https:\/\/mariakamer.nl\/en\/bedevaartplaatsen-in-italie-montichiari\/\">Montichiari<\/a>, <a href=\"https:\/\/mariakamer.nl\/en\/bedevaartplaatsen-in-frankrijk-pellevoisin\/\">Pellevoisin<\/a>, <a href=\"https:\/\/mariakamer.nl\/en\/bedevaartplaatsen-in-frankrijk-pontmain\/\">Pontmain<\/a> en <a href=\"https:\/\/mariakamer.nl\/en\/bedevaartplaatsen-in-belgie-scherpenheuvel\/\">Scherpenheuvel<\/a>.<\/p>\n<h2> <\/h2>\n<p>Jan van Wijk<\/p>\n<h2><\/h2>\n<\/div><div class=\"bde-rich-text-25-107 bde-rich-text breakdance-rich-text-styles\">\n<p>In the Maria Room, places of pilgrimage are included from:<br \/>- <a href=\"https:\/\/mariakamer.nl\/en\/pilgrimage-sites\/belgie\/\">Belgium<\/a><br \/>- <a href=\"https:\/\/mariakamer.nl\/en\/pilgrimage-sites\/bosnie-herzegovina\/\">Bosnia and Herzegovina<\/a><br \/>- <a href=\"https:\/\/mariakamer.nl\/en\/pilgrimage-sites\/duitsland\/\">Germany<\/a><br \/>- <a href=\"https:\/\/mariakamer.nl\/en\/pilgrimage-sites\/frankrijk\/\">France<\/a><br \/>-<a href=\"https:\/\/mariakamer.nl\/en\/pilgrimage-sites\/italie\/\"> Italy<\/a><br \/>- <a href=\"https:\/\/mariakamer.nl\/en\/pilgrimage-sites\/luxemburg\/\">Luxembourg<\/a><br \/>- <a href=\"https:\/\/mariakamer.nl\/en\/pilgrimage-sites\/malta\/\">Malta<\/a><br \/>- <a href=\"https:\/\/mariakamer.nl\/en\/pilgrimage-sites\/nederland\/\">The Netherlands<\/a><br \/>- <a href=\"https:\/\/mariakamer.nl\/en\/pilgrimage-sites\/oostenrijk\/\">Austria<\/a><br \/>- <a href=\"https:\/\/mariakamer.nl\/en\/pilgrimage-sites\/polen\/\">Poland<\/a><br \/>- <a href=\"https:\/\/mariakamer.nl\/en\/pilgrimage-sites\/portugal\/\">Portugal<\/a>l<br \/>- <a href=\"https:\/\/mariakamer.nl\/en\/pilgrimage-sites\/slovenie\/\">Slovenia<\/a><br \/>- <a href=\"https:\/\/mariakamer.nl\/en\/pilgrimage-sites\/spanje\/\">Spain<\/a><br \/>- <a href=\"https:\/\/mariakamer.nl\/en\/pilgrimage-sites\/bedevaartplaatsen-in-tsjechie\/\">Czech Republic<\/a><\/p>\n<\/div>\n<\/div><\/div><\/div>\n<\/section>","protected":false},"excerpt":{"rendered":"<p>Bedevaartplaatsen In mijn leven heb ik heel wat bedevaartplaatsen van Maria mogen bezoeken. Ik wil u deelgenoot maken van bezoeken aan deze zingevende plekken, waar Maria centraal staat. De afgelopen jaren heb ik bezoeken mogen brengen aan verscheidene Mariaoorden, zoals Banneux, Beauraing, Fatima, Kevelaer, La Salette , Lourdes, Montichiari, Pellevoisin, Pontmain en Scherpenheuvel. Jan van [&hellip;]<\/p>\n","protected":false},"author":2,"featured_media":0,"parent":0,"menu_order":0,"comment_status":"closed","ping_status":"closed","template":"","meta":{"_acf_changed":false,"_breakdance_hide_in_design_set":false,"_breakdance_tags":"","footnotes":""},"class_list":["post-25","page","type-page","status-publish","hentry"],"acf":[],"featured_image_urls_v2":{"full":"","thumbnail":"","medium":"","medium_large":"","large":"","1536x1536":"","2048x2048":"","trp-custom-language-flag":""},"post_excerpt_stackable_v2":"<p>Bedevaartplaatsen In mijn leven heb ik heel wat bedevaartplaatsen van Maria mogen bezoeken. Ik wil u deelgenoot maken van bezoeken aan deze zingevende plekken, waar Maria centraal staat. De afgelopen jaren heb ik bezoeken mogen brengen aan verscheidene Mariaoorden, zoals Banneux, Beauraing, Fatima, Kevelaer, La Salette , Lourdes, Montichiari, Pellevoisin, Pontmain en Scherpenheuvel. Jan van Wijk In de Mariakamer zijn bedevaartplaatsen opgenomen uit:- Belgi\u00eb- Bosni\u00eb en Herzegovina- Duitsland- Frankrijk- Itali\u00eb- Luxemburg- Malta- Nederland- Oostenrijk- Polen- Portugal- Sloveni\u00eb- Spanje- Tsjechi\u00eb<\/p>\n","category_list_v2":"","author_info_v2":{"name":"Jan van Wijk","url":"https:\/\/mariakamer.nl\/en\/author\/jan\/"},"comments_num_v2":"0 comments","_links":{"self":[{"href":"https:\/\/mariakamer.nl\/en\/wp-json\/wp\/v2\/pages\/25","targetHints":{"allow":["GET"]}}],"collection":[{"href":"https:\/\/mariakamer.nl\/en\/wp-json\/wp\/v2\/pages"}],"about":[{"href":"https:\/\/mariakamer.nl\/en\/wp-json\/wp\/v2\/types\/page"}],"author":[{"embeddable":true,"href":"https:\/\/mariakamer.nl\/en\/wp-json\/wp\/v2\/users\/2"}],"replies":[{"embeddable":true,"href":"https:\/\/mariakamer.nl\/en\/wp-json\/wp\/v2\/comments?post=25"}],"version-history":[{"count":25,"href":"https:\/\/mariakamer.nl\/en\/wp-json\/wp\/v2\/pages\/25\/revisions"}],"predecessor-version":[{"id":33906,"href":"https:\/\/mariakamer.nl\/en\/wp-json\/wp\/v2\/pages\/25\/revisions\/33906"}],"wp:attachment":[{"href":"https:\/\/mariakamer.nl\/en\/wp-json\/wp\/v2\/media?parent=25"}],"curies":[{"name":"wp","href":"https:\/\/api.w.org\/{rel}","templated":true}]}}