{"id":31572,"date":"2025-05-06T15:27:27","date_gmt":"2025-05-06T14:27:27","guid":{"rendered":"https:\/\/mariakamer.nl\/?page_id=31572"},"modified":"2026-05-02T09:30:23","modified_gmt":"2026-05-02T07:30:23","slug":"welkom-2","status":"publish","type":"page","link":"https:\/\/mariakamer.nl\/de\/","title":{"rendered":"Welkom"},"content":{"rendered":"<section class=\"bde-section-31572-124 bde-section\">\n  \n  \n\t\n\n\n\n<div class=\"section-container\"><div class=\"bde-div-31572-125 bde-div\">\n  \n  \n\t\n\n\n\n<h2 class=\"bde-heading-31572-126 bde-heading\">\nWillkommen in der Marienkammer\n<\/h2><div class=\"bde-text-31572-127 bde-text\">\nIhr F\u00fchrer zu Maria\n<\/div><h4 class=\"bde-heading-31572-138 bde-heading\">\n6. Mai 2026\n<\/h4>\n<\/div><\/div>\n<\/section><section class=\"bde-section-31572-100 bde-section\">\n  \n  \n\t\n\n\n\n<div class=\"section-container\"><div class=\"bde-columns-31572-101 bde-columns\"><div class=\"bde-column-31572-102 bde-column\">\n  \n  \n\t\n\n\n\n<div class=\"bde-fancy-divider-31572-103 bde-fancy-divider\">\n\n\n<div class=\"bde-fancy-divider__wrapper\">\n  <div class=\"bde-fancy-divider__separator has-content has-content-flex-start\">\n  \t    \t    \t    \t\t\t    \t\t<div class=\"bde-fancy-divider__content bde-fancy-divider__content--icon\"><svg xmlns=\"http:\/\/www.w3.org\/2000\/svg\" viewbox=\"0 0 640 512\"><!--! Font Awesome Free 6.5.1 by @fontawesome - https:\/\/fontawesome.com License - https:\/\/fontawesome.com\/license\/free (Icons: CC BY 4.0, Fonts: SIL OFL 1.1, Code: MIT License) Copyright 2023 Fonticons, Inc. --><path d=\"M344 24c0-13.3-10.7-24-24-24s-24 10.7-24 24V48H264c-13.3 0-24 10.7-24 24s10.7 24 24 24h32v46.4L183.3 210c-14.5 8.7-23.3 24.3-23.3 41.2V512h96V416c0-35.3 28.7-64 64-64s64 28.7 64 64v96h96V251.2c0-16.9-8.8-32.5-23.3-41.2L344 142.4V96h32c13.3 0 24-10.7 24-24s-10.7-24-24-24H344V24zM24.9 330.3C9.5 338.8 0 354.9 0 372.4V464c0 26.5 21.5 48 48 48h80V273.6L24.9 330.3zM592 512c26.5 0 48-21.5 48-48V372.4c0-17.5-9.5-33.6-24.9-42.1L512 273.6V512h80z\"\/><\/svg><\/div>\n    \t                  <\/div>\n<\/div>\n\n<\/div><h1 class=\"bde-heading-31572-104 bde-heading\">\nJEDE TAG EINE BEREICHERUNG ...<br>Neu: das niederl\u00e4ndischsprachige Buch \"Mariaronde durch West-Brabant\", siehe \"Publikationen\".\n<\/h1><div class=\"bde-text-31572-105 bde-text translation-block\">Herzlich willkommen im Marienzimmer. In diesem erlebnisreichen Raum kommt vor allem viel Gef\u00fchl zum Ausdruck. Was es in mir ausl\u00f6st, \u00fcber Maria zu lesen, an sie zu denken und ihre N\u00e4he zu sp\u00fcren, m\u00f6chte ich mit Ihnen teilen. Was ich mit der Gottesmutter erlebe, k\u00f6nnen Sie auch im Marienzimmer erleben.<br><br>Im Marienzimmer gibt es viel zu lesen und zu entdecken, beispielsweise \u00fcber Wallfahrtsorte, Kapellen, Ver\u00f6ffentlichungen und Erfahrungen. Au\u00dferdem bietet Ihnen das Marienzimmer die M\u00f6glichkeit, durch anschauliche Texte und Darstellungen an den Wallfahrtsorten Mariens zu sein.<\/div><div class=\"bde-rich-text-31572-116 bde-rich-text breakdance-rich-text-styles\">\n<p>T\u00e4glich wird das Mariakamer mit Besuchen von Lesern bereichert und durch eine neue Beitragsver\u00f6ffentlichung. Folglich k\u00f6nnen Sie mehr als einmal wiederkommen, um uns zu besuchen. Es ist Ihnen gestattet, Texte des Mariakamer zu \u00fcbernehmen, vorausgesetzt, Sie erw\u00e4hnen die Quelle Mariakamer. Dies gilt auch f\u00fcr die Fotos, die von Willy Vugts und mir aufgenommen wurden.<\/p>\n<p>Die Marienkammer ist f\u00fcr Sie am 8. September 2019, dem Tag der Feier der Geburt Marias, ge\u00f6ffnet.<\/p>\n<p>F\u00fcr einen Vortrag \u00fcber Maria, Wallfahrtsorte und das Marienkammer k\u00f6nnen Sie zu <a href=\"mailto:janvanwijk1010@gmail.com\">janvanwijk1010@gmail.com<\/a> Eine Nachricht senden. Wenn Sie Interesse an einem Buch \u00fcber Maria haben, besuchen Sie die Rubrik \u201cPublikationen\u201d.<\/p>\n<p>Ich w\u00fcnsche Ihnen einen bedeutungsvollen Aufenthalt mit gutem Gef\u00fchl im Marienraum.<\/p>\n<p>Jan van Wijk<\/p>\n<\/div>\n<\/div><div class=\"bde-column-31572-110 bde-column\">\n  \n  \n\t\n\n\n\n<div class=\"bde-image-31572-111 bde-image\">\n<figure class=\"breakdance-image breakdance-image--3788\">\n\t<div class=\"breakdance-image-container\">\n\t\t<div class=\"breakdance-image-clip\"><img loading=\"lazy\" decoding=\"async\" class=\"breakdance-image-object\" src=\"https:\/\/mariakamer.nl\/wp-content\/uploads\/2020\/10\/IMG_1748-scaled.jpeg\" width=\"1920\" height=\"2560\" srcset=\"https:\/\/mariakamer.nl\/wp-content\/uploads\/2020\/10\/IMG_1748-scaled.jpeg 1920w, https:\/\/mariakamer.nl\/wp-content\/uploads\/2020\/10\/IMG_1748-225x300.jpeg 225w, https:\/\/mariakamer.nl\/wp-content\/uploads\/2020\/10\/IMG_1748-768x1024.jpeg 768w, https:\/\/mariakamer.nl\/wp-content\/uploads\/2020\/10\/IMG_1748-1152x1536.jpeg 1152w, https:\/\/mariakamer.nl\/wp-content\/uploads\/2020\/10\/IMG_1748-1536x2048.jpeg 1536w, https:\/\/mariakamer.nl\/wp-content\/uploads\/2020\/10\/IMG_1748-1560x2080.jpeg 1560w\" sizes=\"auto, (max-width: 1920px) 100vw, 1920px\" alt=\"Marienkammer, Maria\"><\/div>\n\t<\/div><\/figure>\n\n<\/div>\n<\/div><\/div><\/div>\n<\/section><section class=\"bde-section-31572-115 bde-section\">\n  \n  \n\t\n\n\n\n<div class=\"section-container\"><div class=\"bde-stats-grid-31572-106 bde-stats-grid\">\n  <div class='bde-stats-grid_item'>\n          \n    \n            <div class=\"bde-stats-grid_icon breakdance-icon-atom\" >\n    \n                    <svg xmlns=\"http:\/\/www.w3.org\/2000\/svg\" viewbox=\"0 0 640 512\"><!--! Font Awesome Free 6.5.1 by @fontawesome - https:\/\/fontawesome.com License - https:\/\/fontawesome.com\/license\/free (Icons: CC BY 4.0, Fonts: SIL OFL 1.1, Code: MIT License) Copyright 2023 Fonticons, Inc. --><path d=\"M344 24c0-13.3-10.7-24-24-24s-24 10.7-24 24V48H264c-13.3 0-24 10.7-24 24s10.7 24 24 24h32v46.4L183.3 210c-14.5 8.7-23.3 24.3-23.3 41.2V512h96V416c0-35.3 28.7-64 64-64s64 28.7 64 64v96h96V251.2c0-16.9-8.8-32.5-23.3-41.2L344 142.4V96h32c13.3 0 24-10.7 24-24s-10.7-24-24-24H344V24zM24.9 330.3C9.5 338.8 0 354.9 0 372.4V464c0 26.5 21.5 48 48 48h80V273.6L24.9 330.3zM592 512c26.5 0 48-21.5 48-48V372.4c0-17.5-9.5-33.6-24.9-42.1L512 273.6V512h80z\"\/><\/svg>\n        \n        \n        \n            <\/div>\n    \n\n        <h3 class='bde-stats-grid_number' >\n     200+\n    <\/h3>\n    <p class='bde-stats-grid_text' >\n      Wallfahrtsorte \u00a0 \u00a0\n    <\/p>\n  <\/div>\n  <div class='bde-stats-grid_item'>\n          \n    \n            <div class=\"bde-stats-grid_icon breakdance-icon-atom\" >\n    \n                    <svg xmlns=\"http:\/\/www.w3.org\/2000\/svg\" viewbox=\"0 0 384 512\"><!--! Font Awesome Free 6.5.1 by @fontawesome - https:\/\/fontawesome.com License - https:\/\/fontawesome.com\/license\/free (Icons: CC BY 4.0, Fonts: SIL OFL 1.1, Code: MIT License) Copyright 2023 Fonticons, Inc. --><path d=\"M64 464c-8.8 0-16-7.2-16-16V64c0-8.8 7.2-16 16-16H224v80c0 17.7 14.3 32 32 32h80V448c0 8.8-7.2 16-16 16H64zM64 0C28.7 0 0 28.7 0 64V448c0 35.3 28.7 64 64 64H320c35.3 0 64-28.7 64-64V154.5c0-17-6.7-33.3-18.7-45.3L274.7 18.7C262.7 6.7 246.5 0 229.5 0H64zm56 256c-13.3 0-24 10.7-24 24s10.7 24 24 24H264c13.3 0 24-10.7 24-24s-10.7-24-24-24H120zm0 96c-13.3 0-24 10.7-24 24s10.7 24 24 24H264c13.3 0 24-10.7 24-24s-10.7-24-24-24H120z\"\/><\/svg>\n        \n        \n        \n            <\/div>\n    \n\n        <h3 class='bde-stats-grid_number' >\n     500+ \u00a0 \u00a0\n    <\/h3>\n    <p class='bde-stats-grid_text' >\n      Aphorismen \u00a0 \u00a0\n    <\/p>\n  <\/div>\n\n<\/div><\/div>\n<\/section><section class=\"bde-section-31572-117 bde-section\">\n  \n  \n\t\n\n\n\n<div class=\"section-container\"><h2 class=\"bde-heading-31572-121 bde-heading\">\nNeueste \u00c4nderungen und Erg\u00e4nzungen\n<\/h2><div class=\"bde-post-list-31572-120 bde-post-list phox-facets-target phox-facets-target-default\"><div class=\"bde-loop bde-loop-grid ee-posts ee-posts-grid\">    <article class=\"bde-loop-item ee-post\">\n        \n        \n        <div class=\"bde-loop-item__wrap ee-post-wrap\">\n            \n                            <h3 class=\"ee-post-title\" >\n                    <a class=\"bde-loop-item__title-link ee-post-title-link\" href=\"https:\/\/mariakamer.nl\/de\/mei-2\/\"  tabindex=\"-1\">\n                        Marienkalender \u2013 Mei                    <\/a>\n                <\/h3>\n            <ul class=\"bde-loop-item__post-tax ee-post-taxonomy\"><li class=\"bde-loop-item__tax-item ee-post-taxonomy-item\">Marienkalender<\/li><\/ul>\n        \n    \n    \n    \n                            \n            \n                    \n            \n            \n\n    \n    \n    \n    \n                            \n    <a class=\"breakdance-link button-atom button-atom--primary bde-loop-item__button ee-post-button\" href=\"https:\/\/mariakamer.nl\/de\/mei-2\/\" target=\"_self\" data-type=\"url\"  aria-label=\"Mehr \u00fcber Mariakalender \u2013 Mei\" >\n\n    \n        <span class=\"button-atom__text\">lies weiter<\/span>\n\n        \n        \n                <\/a>\n\n    \n\n\n\n\n            \n        <\/div>\n\n    <\/article>\n\n    <article class=\"bde-loop-item ee-post\">\n        \n        \n        <div class=\"bde-loop-item__wrap ee-post-wrap\">\n            \n                            <h3 class=\"ee-post-title\" >\n                    <a class=\"bde-loop-item__title-link ee-post-title-link\" href=\"https:\/\/mariakamer.nl\/de\/aforismen-501\/\"  tabindex=\"-1\">\n                        Aphorismen \u00fcber Maria 501-..                    <\/a>\n                <\/h3>\n            <ul class=\"bde-loop-item__post-tax ee-post-taxonomy\"><li class=\"bde-loop-item__tax-item ee-post-taxonomy-item\">Aphorismen<\/li><\/ul>\n        \n    \n    \n    \n                            \n            \n                    \n            \n            \n\n    \n    \n    \n    \n                            \n    <a class=\"breakdance-link button-atom button-atom--primary bde-loop-item__button ee-post-button\" href=\"https:\/\/mariakamer.nl\/de\/aforismen-501\/\" target=\"_self\" data-type=\"url\"  aria-label=\"Lesen Sie mehr \u00fcber Aphorismen \u00fcber Maria 501-\\...\" >\n\n    \n        <span class=\"button-atom__text\">lies weiter<\/span>\n\n        \n        \n                <\/a>\n\n    \n\n\n\n\n            \n        <\/div>\n\n    <\/article>\n\n    <article class=\"bde-loop-item ee-post\">\n        \n        \n        <div class=\"bde-loop-item__wrap ee-post-wrap\">\n            \n                            <h3 class=\"ee-post-title\" >\n                    <a class=\"bde-loop-item__title-link ee-post-title-link\" href=\"https:\/\/mariakamer.nl\/de\/essen-lourdesgrot-essendonk\/\"  tabindex=\"-1\">\n                        Essen \u2013 Lourdesgrotte \u2013 Essendonk                    <\/a>\n                <\/h3>\n            <ul class=\"bde-loop-item__post-tax ee-post-taxonomy\"><li class=\"bde-loop-item__tax-item ee-post-taxonomy-item\">Lourdesgrotten in Belgien<\/li><\/ul>\n        \n    \n    \n    \n                            \n            \n                    \n            \n            \n\n    \n    \n    \n    \n                            \n    <a class=\"breakdance-link button-atom button-atom--primary bde-loop-item__button ee-post-button\" href=\"https:\/\/mariakamer.nl\/de\/essen-lourdesgrot-essendonk\/\" target=\"_self\" data-type=\"url\"  aria-label=\"Mehr \u00fcber Essen \u2013 Lourdesgrotte \u2013 Essendonk lesen\" >\n\n    \n        <span class=\"button-atom__text\">lies weiter<\/span>\n\n        \n        \n                <\/a>\n\n    \n\n\n\n\n            \n        <\/div>\n\n    <\/article>\n\n    <article class=\"bde-loop-item ee-post\">\n        \n        \n        <div class=\"bde-loop-item__wrap ee-post-wrap\">\n            \n                            <h3 class=\"ee-post-title\" >\n                    <a class=\"bde-loop-item__title-link ee-post-title-link\" href=\"https:\/\/mariakamer.nl\/de\/bedevaartplaatsen-in-duitsland-koln\/\"  tabindex=\"-1\">\n                        Wallfahrtsorte in Deutschland \u2013 K\u00f6ln                    <\/a>\n                <\/h3>\n            <ul class=\"bde-loop-item__post-tax ee-post-taxonomy\"><li class=\"bde-loop-item__tax-item ee-post-taxonomy-item\">Wallfahrtsorte in Deutschland<\/li><\/ul>\n        \n    \n    \n    \n                            \n            \n                    \n            \n            \n\n    \n    \n    \n    \n                            \n    <a class=\"breakdance-link button-atom button-atom--primary bde-loop-item__button ee-post-button\" href=\"https:\/\/mariakamer.nl\/de\/bedevaartplaatsen-in-duitsland-koln\/\" target=\"_self\" data-type=\"url\"  aria-label=\"Erfahren Sie mehr \u00fcber Wallfahrtsorte in Deutschland \u2013 K\u00f6ln\" >\n\n    \n        <span class=\"button-atom__text\">lies weiter<\/span>\n\n        \n        \n                <\/a>\n\n    \n\n\n\n\n            \n        <\/div>\n\n    <\/article>\n\n    <article class=\"bde-loop-item ee-post\">\n        \n        \n        <div class=\"bde-loop-item__wrap ee-post-wrap\">\n            \n                            <h3 class=\"ee-post-title\" >\n                    <a class=\"bde-loop-item__title-link ee-post-title-link\" href=\"https:\/\/mariakamer.nl\/de\/brugge-onze-lieve-vrouwekerk\/\"  tabindex=\"-1\">\n                        Br\u00fcgge \u2013 Liebfrauenkirche                    <\/a>\n                <\/h3>\n            <ul class=\"bde-loop-item__post-tax ee-post-taxonomy\"><li class=\"bde-loop-item__tax-item ee-post-taxonomy-item\">Maria in Museen und Kirchen in Belgien<\/li><\/ul>\n        \n    \n    \n    \n                            \n            \n                    \n            \n            \n\n    \n    \n    \n    \n                            \n    <a class=\"breakdance-link button-atom button-atom--primary bde-loop-item__button ee-post-button\" href=\"https:\/\/mariakamer.nl\/de\/brugge-onze-lieve-vrouwekerk\/\" target=\"_self\" data-type=\"url\"  aria-label=\"Mehr \u00fcber Br\u00fcgge erfahren \u2013 Liebfrauenkirche\" >\n\n    \n        <span class=\"button-atom__text\">lies weiter<\/span>\n\n        \n        \n                <\/a>\n\n    \n\n\n\n\n            \n        <\/div>\n\n    <\/article>\n\n    <article class=\"bde-loop-item ee-post\">\n        \n        \n        <div class=\"bde-loop-item__wrap ee-post-wrap\">\n            \n                            <h3 class=\"ee-post-title\" >\n                    <a class=\"bde-loop-item__title-link ee-post-title-link\" href=\"https:\/\/mariakamer.nl\/de\/bedevaartplaatsen-in-frankrijk-pellevoisin\/\"  tabindex=\"-1\">\n                        Wallfahrtsorte in Frankreich \u2013 Pellevoisin                    <\/a>\n                <\/h3>\n            <ul class=\"bde-loop-item__post-tax ee-post-taxonomy\"><li class=\"bde-loop-item__tax-item ee-post-taxonomy-item\">Wallfahrtsorte in Frankreich<\/li><\/ul>\n        \n    \n    \n    \n                            \n            \n                    \n            \n            \n\n    \n    \n    \n    \n                            \n    <a class=\"breakdance-link button-atom button-atom--primary bde-loop-item__button ee-post-button\" href=\"https:\/\/mariakamer.nl\/de\/bedevaartplaatsen-in-frankrijk-pellevoisin\/\" target=\"_self\" data-type=\"url\"  aria-label=\"Erfahren Sie mehr \u00fcber Wallfahrtsorte in Frankreich \u2013 Pellevoisin\" >\n\n    \n        <span class=\"button-atom__text\">lies weiter<\/span>\n\n        \n        \n                <\/a>\n\n    \n\n\n\n\n            \n        <\/div>\n\n    <\/article>\n\n<\/div><\/div><\/div>\n<\/section>","protected":false},"excerpt":{"rendered":"","protected":false},"author":1,"featured_media":0,"parent":0,"menu_order":0,"comment_status":"closed","ping_status":"closed","template":"","meta":{"_acf_changed":false,"_breakdance_hide_in_design_set":false,"_breakdance_tags":"","footnotes":""},"class_list":["post-31572","page","type-page","status-publish","hentry"],"acf":[],"featured_image_urls_v2":{"full":"","thumbnail":"","medium":"","medium_large":"","large":"","1536x1536":"","2048x2048":"","trp-custom-language-flag":""},"post_excerpt_stackable_v2":"","category_list_v2":"","author_info_v2":{"name":"Administrator","url":"https:\/\/mariakamer.nl\/de\/author\/admin\/"},"comments_num_v2":"0 comments","_links":{"self":[{"href":"https:\/\/mariakamer.nl\/de\/wp-json\/wp\/v2\/pages\/31572","targetHints":{"allow":["GET"]}}],"collection":[{"href":"https:\/\/mariakamer.nl\/de\/wp-json\/wp\/v2\/pages"}],"about":[{"href":"https:\/\/mariakamer.nl\/de\/wp-json\/wp\/v2\/types\/page"}],"author":[{"embeddable":true,"href":"https:\/\/mariakamer.nl\/de\/wp-json\/wp\/v2\/users\/1"}],"replies":[{"embeddable":true,"href":"https:\/\/mariakamer.nl\/de\/wp-json\/wp\/v2\/comments?post=31572"}],"version-history":[{"count":29,"href":"https:\/\/mariakamer.nl\/de\/wp-json\/wp\/v2\/pages\/31572\/revisions"}],"predecessor-version":[{"id":35337,"href":"https:\/\/mariakamer.nl\/de\/wp-json\/wp\/v2\/pages\/31572\/revisions\/35337"}],"wp:attachment":[{"href":"https:\/\/mariakamer.nl\/de\/wp-json\/wp\/v2\/media?parent=31572"}],"curies":[{"name":"wp","href":"https:\/\/api.w.org\/{rel}","templated":true}]}}